{"id":15925,"date":"2018-06-14T09:17:11","date_gmt":"2018-06-14T09:17:11","guid":{"rendered":"http:\/\/kli-ks.org\/sundimi-i-ligjit\/"},"modified":"2018-10-03T14:55:30","modified_gmt":"2018-10-03T14:55:30","slug":"rule-of-law","status":"publish","type":"page","link":"https:\/\/kli-ks.org\/en\/rule-of-law\/","title":{"rendered":"Rule of law"},"content":{"rendered":"<div id=\"cmsmasters_row_pbrtittx2\" class=\"cmsmasters_row cmsmasters_color_scheme_default cmsmasters_row_top_default cmsmasters_row_bot_default cmsmasters_row_boxed\">\n<div class=\"cmsmasters_row_outer_parent\">\n<div class=\"cmsmasters_row_outer\">\n<div class=\"cmsmasters_row_inner\">\n<div class=\"cmsmasters_row_margin\">\n<div class=\"cmsmasters_column one_first\">\n<p><\/p>\n<\/div>\n<\/div>\n<\/div>\n<\/div>\n<\/div>\n<\/div>\n<div id=\"cmsmasters_row_jfdneyb3h5\" class=\"cmsmasters_row cmsmasters_color_scheme_default cmsmasters_row_top_default cmsmasters_row_bot_default cmsmasters_row_boxed\">\n<div class=\"cmsmasters_row_outer_parent\">\n<div class=\"cmsmasters_row_outer\">\n<div class=\"cmsmasters_row_inner\">\n<div class=\"cmsmasters_row_margin\">\n<div class=\"cmsmasters_column one_first\">\n<div id=\"cmsmasters_divider_7tpl7pndqq\" class=\"cl\"><\/div>\n<\/div>\n<\/div>\n<\/div>\n<\/div>\n<\/div>\n<\/div>\n<div id=\"cmsmasters_row_\" class=\"cmsmasters_row cmsmasters_color_scheme_default cmsmasters_row_top_default cmsmasters_row_bot_default cmsmasters_row_boxed\">\n<div class=\"cmsmasters_row_outer_parent\">\n<div class=\"cmsmasters_row_overlay\"><\/div>\n<div class=\"cmsmasters_row_outer\">\n<div class=\"cmsmasters_row_inner\">\n<div class=\"cmsmasters_row_margin\">\n<div class=\"cmsmasters_column one_first\">\n<div class=\"aligncenter\"><div class=\"cmsmasters_img  cmsmasters_image_c program_image\"><img decoding=\"async\" src=\"https:\/\/kli-ks.org\/wp-content\/uploads\/2018\/06\/Sundimi-i-Ligjit-300x300.png\" \/><\/div><\/div><div class=\"cmsmasters_text cmsmasters_row_8fq41k7lz6\">\n<h3>Rule of law is in focus of the work of the KLI and at the same time the program in which the organization develops the most activities. Our work towards the goal deriving from the name of organization itself focuses on strengthening law enforcement in a fair, impartial and independent manner. This goal is achieved through raising transparency and accountability in the justice sector, advancing access to justice and strengthening the judiciary in Kosovo.<\/h3>\n<\/div>\n<\/div>\n<\/div>\n<\/div>\n<\/div>\n<\/div>\n<\/div>\n<div id=\"cmsmasters_row_j9e6hkkdds\" class=\"cmsmasters_row cmsmasters_color_scheme_default cmsmasters_row_top_default cmsmasters_row_bot_default cmsmasters_row_boxed\">\n<div class=\"cmsmasters_row_outer_parent\">\n<div class=\"cmsmasters_row_outer\">\n<div class=\"cmsmasters_row_inner\">\n<div class=\"cmsmasters_row_margin\">\n<div class=\"cmsmasters_column one_first\">\n<div id=\"cmsmasters_divider_3fwmj02hhf\" class=\"cl\"><\/div>\n<\/div>\n<\/div>\n<\/div>\n<\/div>\n<\/div>\n<\/div>\n<div id=\"cmsmasters_row_7ygody61h7\" class=\"cmsmasters_row cmsmasters_color_scheme_default cmsmasters_row_top_default cmsmasters_row_bot_default cmsmasters_row_boxed\">\n<div class=\"cmsmasters_row_outer_parent\">\n<div class=\"cmsmasters_row_outer\">\n<div class=\"cmsmasters_row_inner\">\n<div class=\"cmsmasters_row_margin\">\n<div class=\"cmsmasters_column one_first\">\n<div id=\"cmsmasters_heading_z5fr9feico\" class=\"cmsmasters_heading_wrap cmsmasters_heading_align_left\">\n\t<h1 class=\"cmsmasters_heading\">Activities<\/h1>\n<\/div><div class=\"cmsmasters_text\">\n<div class=\"column_category\"><div class=\"form_filter_cat\">\n\t\t\t    \t<form class=\"filter_posts_form\" action=\"\" accept-charset=\"utf-8\">\n\t\t\t\t\t\t\n\t\t\t\t\t\t<select name=\"post_year\" class=\"post_year\"><option value=\"0\" selected>All Years<\/option><option value=\"2026\" >2026<\/option><option value=\"2025\" >2025<\/option><option value=\"2024\" >2024<\/option><option value=\"2023\" >2023<\/option><option value=\"2022\" >2022<\/option><option value=\"2021\" >2021<\/option><option value=\"2020\" >2020<\/option><option value=\"2019\" >2019<\/option><option value=\"2018\" >2018<\/option><option value=\"2017\" >2017<\/option><option value=\"2016\" >2016<\/option><option value=\"2015\" >2015<\/option><option value=\"2014\" >2014<\/option><option value=\"2013\" >2013<\/option><option value=\"2012\" >2012<\/option><option value=\"2011\" >2011<\/option><option value=\"2010\" >2010<\/option><option value=\"2009\" >2009<\/option><\/select>\n\t\t\t\t\t\t<button type=\"submit\">Filter<\/button>\n\t\t\t\t\t<\/form><\/div><div class=\"row\"><div id=\"custom_column_items_1\" class=\"column_grid\"><div class=\"column_grid_item\"><a href=\"https:\/\/kli-ks.org\/en\/kli-the-change-in-the-composition-of-the-bar-examination-commission-is-unlawful\/\"><div class=\"column_grid_item__thumb\"><img loading=\"lazy\" decoding=\"async\" width=\"360\" height=\"241\" src=\"https:\/\/kli-ks.org\/wp-content\/uploads\/2026\/04\/IKD-Custom-1024x683-1-860x575-2-1-360x241.jpg\" class=\"attachment-custom_archive_thumb size-custom_archive_thumb wp-post-image\" alt=\"\" srcset=\"https:\/\/kli-ks.org\/wp-content\/uploads\/2026\/04\/IKD-Custom-1024x683-1-860x575-2-1-360x241.jpg 360w, https:\/\/kli-ks.org\/wp-content\/uploads\/2026\/04\/IKD-Custom-1024x683-1-860x575-2-1-300x201.jpg 300w, https:\/\/kli-ks.org\/wp-content\/uploads\/2026\/04\/IKD-Custom-1024x683-1-860x575-2-1-768x513.jpg 768w, https:\/\/kli-ks.org\/wp-content\/uploads\/2026\/04\/IKD-Custom-1024x683-1-860x575-2-1-580x388.jpg 580w, https:\/\/kli-ks.org\/wp-content\/uploads\/2026\/04\/IKD-Custom-1024x683-1-860x575-2-1.jpg 860w\" sizes=\"auto, (max-width: 360px) 100vw, 360px\" \/><\/div><\/a><div class=\"column_grid_item__content \"><div class=\"column_grid_item__content_wrapper\"><span class=\"post_date\">April 21,2026<\/span><a href=\"https:\/\/kli-ks.org\/en\/kli-the-change-in-the-composition-of-the-bar-examination-commission-is-unlawful\/\"><h2 class=\"column_grid_item_item__title\">KLI: The change in the composition of the Bar Examination Commission is unlawful<\/h2><h4 class=\"column_grid_item_item__excerpt\"><p>Pristina, 21 April 2026 \u2013 The Kosovo Law Institute (KLI) reacts to the Government of the Republic of Kosovo\u2019s decision to change the composition of the Bar Examination Commission. The decision is justified by the need to address a high number of complaints identified during the previous Commission\u2019s mandate, which, according to public statements, allegedly&#8230;<\/p>\n<\/h4><\/a><\/div><\/div><\/div><div class=\"column_grid_item\"><a href=\"https:\/\/kli-ks.org\/en\/kli-the-assembly-must-not-circumvent-procedures-regarding-the-draft-law-on-the-bureau\/\"><div class=\"column_grid_item__thumb\"><img loading=\"lazy\" decoding=\"async\" width=\"360\" height=\"241\" src=\"https:\/\/kli-ks.org\/wp-content\/uploads\/2026\/01\/IKD-Custom-1024x683-1-860x575-2-1-360x241.jpg\" class=\"attachment-custom_archive_thumb size-custom_archive_thumb wp-post-image\" alt=\"\" srcset=\"https:\/\/kli-ks.org\/wp-content\/uploads\/2026\/01\/IKD-Custom-1024x683-1-860x575-2-1-360x241.jpg 360w, https:\/\/kli-ks.org\/wp-content\/uploads\/2026\/01\/IKD-Custom-1024x683-1-860x575-2-1-300x201.jpg 300w, https:\/\/kli-ks.org\/wp-content\/uploads\/2026\/01\/IKD-Custom-1024x683-1-860x575-2-1-768x513.jpg 768w, https:\/\/kli-ks.org\/wp-content\/uploads\/2026\/01\/IKD-Custom-1024x683-1-860x575-2-1-580x388.jpg 580w, https:\/\/kli-ks.org\/wp-content\/uploads\/2026\/01\/IKD-Custom-1024x683-1-860x575-2-1.jpg 860w\" sizes=\"auto, (max-width: 360px) 100vw, 360px\" \/><\/div><\/a><div class=\"column_grid_item__content \"><div class=\"column_grid_item__content_wrapper\"><span class=\"post_date\">April 16,2026<\/span><a href=\"https:\/\/kli-ks.org\/en\/kli-the-assembly-must-not-circumvent-procedures-regarding-the-draft-law-on-the-bureau\/\"><h2 class=\"column_grid_item_item__title\">KLI: The Assembly Must Not Circumvent Procedures regarding the Draft Law on the Bureau<\/h2><h4 class=\"column_grid_item_item__excerpt\"><p>Prishtina, 16 April 2026 \u2013 The Kosovo Law Institute (KLI) calls on the Assembly of the Republic of Kosovo not to circumvent procedures in the review of the Draft Law on the State Bureau for Verification and Confiscation of Unjustifiable Assets (hereinafter: the Draft Law on the Bureau). This should be ensured by allowing, between&#8230;<\/p>\n<\/h4><\/a><\/div><\/div><\/div><div class=\"column_grid_item\"><a href=\"https:\/\/kli-ks.org\/en\/the-presidency-of-the-assembly-must-restore-legality-and-select-one-of-the-candidates-for-secretary-general-of-the-assembly\/\"><div class=\"column_grid_item__thumb\"><img loading=\"lazy\" decoding=\"async\" width=\"360\" height=\"241\" src=\"https:\/\/kli-ks.org\/wp-content\/uploads\/2025\/12\/IKD-Custom-1024x683-1-860x575-2-1-360x241.jpg\" class=\"attachment-custom_archive_thumb size-custom_archive_thumb wp-post-image\" alt=\"\" srcset=\"https:\/\/kli-ks.org\/wp-content\/uploads\/2025\/12\/IKD-Custom-1024x683-1-860x575-2-1-360x241.jpg 360w, https:\/\/kli-ks.org\/wp-content\/uploads\/2025\/12\/IKD-Custom-1024x683-1-860x575-2-1-300x201.jpg 300w, https:\/\/kli-ks.org\/wp-content\/uploads\/2025\/12\/IKD-Custom-1024x683-1-860x575-2-1-768x513.jpg 768w, https:\/\/kli-ks.org\/wp-content\/uploads\/2025\/12\/IKD-Custom-1024x683-1-860x575-2-1-580x388.jpg 580w, https:\/\/kli-ks.org\/wp-content\/uploads\/2025\/12\/IKD-Custom-1024x683-1-860x575-2-1.jpg 860w\" sizes=\"auto, (max-width: 360px) 100vw, 360px\" \/><\/div><\/a><div class=\"column_grid_item__content \"><div class=\"column_grid_item__content_wrapper\"><span class=\"post_date\">April 4,2026<\/span><a href=\"https:\/\/kli-ks.org\/en\/the-presidency-of-the-assembly-must-restore-legality-and-select-one-of-the-candidates-for-secretary-general-of-the-assembly\/\"><h2 class=\"column_grid_item_item__title\">The Presidency of the Assembly Must Restore Legality and Select One of the Candidates for Secretary General of the Assembly<\/h2><h4 class=\"column_grid_item_item__excerpt\"><p>Prishtina, April 4, 2026 \u2013 The Kosovo Law Institute (KLI) assesses that the refusal of the Presidency of the Assembly to select the Secretary General of the Assembly and the announcement of a new vacancy without any legal basis constitutes one of the clearest examples of disregard for the law, institutional delay, and arbitrary decision-making&#8230;<\/p>\n<\/h4><\/a><\/div><\/div><\/div><div class=\"custom_pagination\"><span aria-current=\"\" class=\"page-numbers current\">1<\/span>\n<a class=\"page-numbers\" href=\"?=2\">2<\/a>\n<a class=\"page-numbers\" href=\"?=3\">3<\/a>\n<span class=\"page-numbers dots\">&hellip;<\/span>\n<a class=\"page-numbers\" href=\"?=54\">54<\/a>\n<a class=\"next page-numbers\" href=\"?=2\">>><\/a><\/div><\/div><\/div><\/div>\n<\/div>\n<\/div>\n<\/div>\n<\/div>\n<\/div>\n<\/div>\n<\/div>\n<div id=\"cmsmasters_row_wkepj4pwlh\" class=\"cmsmasters_row cmsmasters_color_scheme_default cmsmasters_row_top_default cmsmasters_row_bot_default cmsmasters_row_boxed\">\n<div class=\"cmsmasters_row_outer_parent\">\n<div class=\"cmsmasters_row_outer\">\n<div class=\"cmsmasters_row_inner\">\n<div class=\"cmsmasters_row_margin\">\n<div class=\"cmsmasters_column one_first\">\n<div id=\"cmsmasters_heading_c37hm0you3\" class=\"cmsmasters_heading_wrap cmsmasters_heading_align_left\">\n\t<h1 class=\"cmsmasters_heading\">Publications<\/h1>\n<\/div><div class=\"cmsmasters_text\">\n<div class=\"column_category\"><div class=\"form_filter_cat\">\n\t\t\t    \t<form class=\"filter_posts_form\" action=\"\" accept-charset=\"utf-8\">\n\t\t\t\t\t\t\n\t\t\t\t\t\t<select name=\"post_year\" class=\"post_year\"><option value=\"0\" selected>All Years<\/option><option value=\"2026\" >2026<\/option><option value=\"2025\" >2025<\/option><option value=\"2024\" >2024<\/option><option value=\"2023\" >2023<\/option><option value=\"2022\" >2022<\/option><option value=\"2021\" >2021<\/option><option value=\"2020\" >2020<\/option><option value=\"2019\" >2019<\/option><option value=\"2018\" >2018<\/option><option value=\"2017\" >2017<\/option><option value=\"2016\" >2016<\/option><option value=\"2015\" >2015<\/option><option value=\"2014\" >2014<\/option><option value=\"2013\" >2013<\/option><option value=\"2012\" >2012<\/option><option value=\"2011\" >2011<\/option><option value=\"2010\" >2010<\/option><option value=\"2009\" >2009<\/option><\/select>\n\t\t\t\t\t\t<button type=\"submit\">Filter<\/button>\n\t\t\t\t\t<\/form><\/div><div class=\"row\"><div id=\"custom_column_items_2\" class=\"column_grid\"><div class=\"custom_pagination\"><\/div><\/div><\/div><\/div>\n<\/div>\n<\/div>\n<\/div>\n<\/div>\n<\/div>\n<\/div>\n<\/div>\n\n","protected":false},"excerpt":{"rendered":"","protected":false},"author":2,"featured_media":0,"parent":0,"menu_order":0,"comment_status":"closed","ping_status":"closed","template":"","meta":{"footnotes":""},"class_list":["post-15925","page","type-page","status-publish","hentry"],"yoast_head":"<!-- This site is optimized with the Yoast SEO Premium plugin v26.1 (Yoast SEO v27.4) - https:\/\/yoast.com\/product\/yoast-seo-premium-wordpress\/ -->\n<title>Rule of law - IKD<\/title>\n<meta name=\"robots\" content=\"index, follow, max-snippet:-1, max-image-preview:large, max-video-preview:-1\" \/>\n<link rel=\"canonical\" href=\"https:\/\/kli-ks.org\/en\/rule-of-law\/\" \/>\n<meta property=\"og:locale\" content=\"en_US\" \/>\n<meta property=\"og:type\" content=\"article\" \/>\n<meta property=\"og:title\" content=\"Rule of law\" \/>\n<meta property=\"og:url\" content=\"https:\/\/kli-ks.org\/en\/rule-of-law\/\" \/>\n<meta property=\"og:site_name\" content=\"IKD\" \/>\n<meta property=\"article:modified_time\" content=\"2018-10-03T14:55:30+00:00\" \/>\n<meta name=\"twitter:card\" content=\"summary_large_image\" \/>\n<meta name=\"twitter:label1\" content=\"Est. reading time\" \/>\n\t<meta name=\"twitter:data1\" content=\"3 minutes\" \/>\n<script type=\"application\/ld+json\" class=\"yoast-schema-graph\">{\"@context\":\"https:\\\/\\\/schema.org\",\"@graph\":[{\"@type\":\"WebPage\",\"@id\":\"https:\\\/\\\/kli-ks.org\\\/en\\\/rule-of-law\\\/\",\"url\":\"https:\\\/\\\/kli-ks.org\\\/en\\\/rule-of-law\\\/\",\"name\":\"Rule of law - IKD\",\"isPartOf\":{\"@id\":\"https:\\\/\\\/kli-ks.org\\\/#website\"},\"datePublished\":\"2018-06-14T09:17:11+00:00\",\"dateModified\":\"2018-10-03T14:55:30+00:00\",\"breadcrumb\":{\"@id\":\"https:\\\/\\\/kli-ks.org\\\/en\\\/rule-of-law\\\/#breadcrumb\"},\"inLanguage\":\"en-US\",\"potentialAction\":[{\"@type\":\"ReadAction\",\"target\":[\"https:\\\/\\\/kli-ks.org\\\/en\\\/rule-of-law\\\/\"]}]},{\"@type\":\"BreadcrumbList\",\"@id\":\"https:\\\/\\\/kli-ks.org\\\/en\\\/rule-of-law\\\/#breadcrumb\",\"itemListElement\":[{\"@type\":\"ListItem\",\"position\":1,\"name\":\"Home\",\"item\":\"https:\\\/\\\/kli-ks.org\\\/en\\\/\"},{\"@type\":\"ListItem\",\"position\":2,\"name\":\"Rule of law\"}]},{\"@type\":\"WebSite\",\"@id\":\"https:\\\/\\\/kli-ks.org\\\/#website\",\"url\":\"https:\\\/\\\/kli-ks.org\\\/\",\"name\":\"IKD\",\"description\":\"Instituti i Kosov\u00ebs p\u00ebr Drejt\u00ebsi\",\"publisher\":{\"@id\":\"https:\\\/\\\/kli-ks.org\\\/#organization\"},\"potentialAction\":[{\"@type\":\"SearchAction\",\"target\":{\"@type\":\"EntryPoint\",\"urlTemplate\":\"https:\\\/\\\/kli-ks.org\\\/?s={search_term_string}\"},\"query-input\":{\"@type\":\"PropertyValueSpecification\",\"valueRequired\":true,\"valueName\":\"search_term_string\"}}],\"inLanguage\":\"en-US\"},{\"@type\":\"Organization\",\"@id\":\"https:\\\/\\\/kli-ks.org\\\/#organization\",\"name\":\"Instituti i Kosov\u00ebs p\u00ebr Drejt\u00ebsi\",\"url\":\"https:\\\/\\\/kli-ks.org\\\/\",\"logo\":{\"@type\":\"ImageObject\",\"inLanguage\":\"en-US\",\"@id\":\"https:\\\/\\\/kli-ks.org\\\/#\\\/schema\\\/logo\\\/image\\\/\",\"url\":\"https:\\\/\\\/kli-ks.org\\\/wp-content\\\/uploads\\\/2014\\\/05\\\/LOGO-INSTITUTI-JPG.jpg\",\"contentUrl\":\"https:\\\/\\\/kli-ks.org\\\/wp-content\\\/uploads\\\/2014\\\/05\\\/LOGO-INSTITUTI-JPG.jpg\",\"width\":883,\"height\":242,\"caption\":\"Instituti i Kosov\u00ebs p\u00ebr Drejt\u00ebsi\"},\"image\":{\"@id\":\"https:\\\/\\\/kli-ks.org\\\/#\\\/schema\\\/logo\\\/image\\\/\"}}]}<\/script>\n<!-- \/ Yoast SEO Premium plugin. -->","yoast_head_json":{"title":"Rule of law - IKD","robots":{"index":"index","follow":"follow","max-snippet":"max-snippet:-1","max-image-preview":"max-image-preview:large","max-video-preview":"max-video-preview:-1"},"canonical":"https:\/\/kli-ks.org\/en\/rule-of-law\/","og_locale":"en_US","og_type":"article","og_title":"Rule of law","og_url":"https:\/\/kli-ks.org\/en\/rule-of-law\/","og_site_name":"IKD","article_modified_time":"2018-10-03T14:55:30+00:00","twitter_card":"summary_large_image","twitter_misc":{"Est. reading time":"3 minutes"},"schema":{"@context":"https:\/\/schema.org","@graph":[{"@type":"WebPage","@id":"https:\/\/kli-ks.org\/en\/rule-of-law\/","url":"https:\/\/kli-ks.org\/en\/rule-of-law\/","name":"Rule of law - IKD","isPartOf":{"@id":"https:\/\/kli-ks.org\/#website"},"datePublished":"2018-06-14T09:17:11+00:00","dateModified":"2018-10-03T14:55:30+00:00","breadcrumb":{"@id":"https:\/\/kli-ks.org\/en\/rule-of-law\/#breadcrumb"},"inLanguage":"en-US","potentialAction":[{"@type":"ReadAction","target":["https:\/\/kli-ks.org\/en\/rule-of-law\/"]}]},{"@type":"BreadcrumbList","@id":"https:\/\/kli-ks.org\/en\/rule-of-law\/#breadcrumb","itemListElement":[{"@type":"ListItem","position":1,"name":"Home","item":"https:\/\/kli-ks.org\/en\/"},{"@type":"ListItem","position":2,"name":"Rule of law"}]},{"@type":"WebSite","@id":"https:\/\/kli-ks.org\/#website","url":"https:\/\/kli-ks.org\/","name":"IKD","description":"Instituti i Kosov\u00ebs p\u00ebr Drejt\u00ebsi","publisher":{"@id":"https:\/\/kli-ks.org\/#organization"},"potentialAction":[{"@type":"SearchAction","target":{"@type":"EntryPoint","urlTemplate":"https:\/\/kli-ks.org\/?s={search_term_string}"},"query-input":{"@type":"PropertyValueSpecification","valueRequired":true,"valueName":"search_term_string"}}],"inLanguage":"en-US"},{"@type":"Organization","@id":"https:\/\/kli-ks.org\/#organization","name":"Instituti i Kosov\u00ebs p\u00ebr Drejt\u00ebsi","url":"https:\/\/kli-ks.org\/","logo":{"@type":"ImageObject","inLanguage":"en-US","@id":"https:\/\/kli-ks.org\/#\/schema\/logo\/image\/","url":"https:\/\/kli-ks.org\/wp-content\/uploads\/2014\/05\/LOGO-INSTITUTI-JPG.jpg","contentUrl":"https:\/\/kli-ks.org\/wp-content\/uploads\/2014\/05\/LOGO-INSTITUTI-JPG.jpg","width":883,"height":242,"caption":"Instituti i Kosov\u00ebs p\u00ebr Drejt\u00ebsi"},"image":{"@id":"https:\/\/kli-ks.org\/#\/schema\/logo\/image\/"}}]}},"_links":{"self":[{"href":"https:\/\/kli-ks.org\/en\/wp-json\/wp\/v2\/pages\/15925","targetHints":{"allow":["GET"]}}],"collection":[{"href":"https:\/\/kli-ks.org\/en\/wp-json\/wp\/v2\/pages"}],"about":[{"href":"https:\/\/kli-ks.org\/en\/wp-json\/wp\/v2\/types\/page"}],"author":[{"embeddable":true,"href":"https:\/\/kli-ks.org\/en\/wp-json\/wp\/v2\/users\/2"}],"replies":[{"embeddable":true,"href":"https:\/\/kli-ks.org\/en\/wp-json\/wp\/v2\/comments?post=15925"}],"version-history":[{"count":5,"href":"https:\/\/kli-ks.org\/en\/wp-json\/wp\/v2\/pages\/15925\/revisions"}],"predecessor-version":[{"id":16207,"href":"https:\/\/kli-ks.org\/en\/wp-json\/wp\/v2\/pages\/15925\/revisions\/16207"}],"wp:attachment":[{"href":"https:\/\/kli-ks.org\/en\/wp-json\/wp\/v2\/media?parent=15925"}],"curies":[{"name":"wp","href":"https:\/\/api.w.org\/{rel}","templated":true}]}}