{"id":15916,"date":"2018-06-14T09:21:31","date_gmt":"2018-06-14T09:21:31","guid":{"rendered":"http:\/\/kli-ks.org\/drejtesia-ne-zgjedhje\/"},"modified":"2018-10-03T15:10:31","modified_gmt":"2018-10-03T15:10:31","slug":"justice-in-elections","status":"publish","type":"page","link":"https:\/\/kli-ks.org\/en\/justice-in-elections\/","title":{"rendered":"Justice in elections"},"content":{"rendered":"<div id=\"cmsmasters_row_noycjndtxa\" class=\"cmsmasters_row cmsmasters_color_scheme_default cmsmasters_row_top_default cmsmasters_row_bot_default cmsmasters_row_boxed\">\n<div class=\"cmsmasters_row_outer_parent\">\n<div class=\"cmsmasters_row_overlay\"><\/div>\n<div class=\"cmsmasters_row_outer\">\n<div class=\"cmsmasters_row_inner\">\n<div class=\"cmsmasters_row_margin\">\n<div class=\"cmsmasters_column one_first\">\n<div id=\"cmsmasters_divider_q27qp4tjpx\" class=\"cl\"><\/div>\n<\/div>\n<\/div>\n<\/div>\n<\/div>\n<\/div>\n<\/div>\n<div id=\"cmsmasters_row_wz1sqv8u9\" class=\"cmsmasters_row cmsmasters_color_scheme_default cmsmasters_row_top_default cmsmasters_row_bot_default cmsmasters_row_boxed\">\n<div class=\"cmsmasters_row_outer_parent\">\n<div class=\"cmsmasters_row_outer\">\n<div class=\"cmsmasters_row_inner\">\n<div class=\"cmsmasters_row_margin\">\n<div class=\"cmsmasters_column one_first\">\n<div class=\"aligncenter\"><div class=\"cmsmasters_img  cmsmasters_image_c program_image\"><img decoding=\"async\" src=\"https:\/\/kli-ks.org\/wp-content\/uploads\/2018\/06\/Drejtesia-ne-Zgjedhje-300x300.png\" \/><\/div><\/div><div class=\"cmsmasters_text cmsmasters_row_8fq41k7lz6\">\n<h3>Justice in elections is a special program of the KLI, through which we want to advance the right about electoral process as one of the foundations of democracy. Whilst the activities in this program are periodic, the institute continuously follows the advancement of the legal basis for its election and implementation, as well as monitors the proceedings of election crime cases by prosecutions and courts.<\/h3>\n<\/div>\n<\/div>\n<\/div>\n<\/div>\n<\/div>\n<\/div>\n<\/div>\n<div id=\"cmsmasters_row_omms4pvtj\" class=\"cmsmasters_row cmsmasters_color_scheme_default cmsmasters_row_top_default cmsmasters_row_bot_default cmsmasters_row_boxed\">\n<div class=\"cmsmasters_row_outer_parent\">\n<div class=\"cmsmasters_row_overlay\"><\/div>\n<div class=\"cmsmasters_row_outer\">\n<div class=\"cmsmasters_row_inner\">\n<div class=\"cmsmasters_row_margin\">\n<div class=\"cmsmasters_column one_first\">\n<div id=\"cmsmasters_divider_yhxk3owuqj\" class=\"cl\"><\/div>\n<\/div>\n<\/div>\n<\/div>\n<\/div>\n<\/div>\n<\/div>\n<div id=\"cmsmasters_row_iid9uj6ejb\" class=\"cmsmasters_row cmsmasters_color_scheme_default cmsmasters_row_top_default cmsmasters_row_bot_default cmsmasters_row_boxed\">\n<div class=\"cmsmasters_row_outer_parent\">\n<div class=\"cmsmasters_row_outer\">\n<div class=\"cmsmasters_row_inner\">\n<div class=\"cmsmasters_row_margin\">\n<div class=\"cmsmasters_column one_first\">\n<div id=\"cmsmasters_heading_ahrwjpe7m\" class=\"cmsmasters_heading_wrap cmsmasters_heading_align_left\">\n\t<h1 class=\"cmsmasters_heading\">Activities<\/h1>\n<\/div><div class=\"cmsmasters_text\">\n<div class=\"column_category\"><div class=\"form_filter_cat\">\r\n\t\t\t    \t<form class=\"filter_posts_form\" action=\"\" accept-charset=\"utf-8\">\r\n\t\t\t\t\t\t\r\n\t\t\t\t\t\t<select name=\"post_year\" class=\"post_year\"><option value=\"0\" selected>All Years<\/option><option value=\"2026\" >2026<\/option><option value=\"2025\" >2025<\/option><option value=\"2024\" >2024<\/option><option value=\"2023\" >2023<\/option><option value=\"2022\" >2022<\/option><option value=\"2021\" >2021<\/option><option value=\"2020\" >2020<\/option><option value=\"2019\" >2019<\/option><option value=\"2018\" >2018<\/option><option value=\"2017\" >2017<\/option><option value=\"2016\" >2016<\/option><option value=\"2015\" >2015<\/option><option value=\"2014\" >2014<\/option><option value=\"2013\" >2013<\/option><option value=\"2012\" >2012<\/option><option value=\"2011\" >2011<\/option><option value=\"2010\" >2010<\/option><option value=\"2009\" >2009<\/option><\/select>\r\n\t\t\t\t\t\t<button type=\"submit\">Filter<\/button>\r\n\t\t\t\t\t<\/form><\/div><div class=\"row\"><div id=\"custom_column_items_1\" class=\"column_grid\"><div class=\"column_grid_item\"><a href=\"https:\/\/kli-ks.org\/en\/wfd-and-kli-political-parties-to-not-include-candidates-that-have-problems-with-the-law\/\"><div class=\"column_grid_item__thumb\"><img loading=\"lazy\" decoding=\"async\" width=\"360\" height=\"270\" src=\"https:\/\/kli-ks.org\/wp-content\/uploads\/2019\/09\/WFD-dhe-IKD-1-360x270.jpg\" class=\"attachment-custom_archive_thumb size-custom_archive_thumb wp-post-image\" alt=\"\" srcset=\"https:\/\/kli-ks.org\/wp-content\/uploads\/2019\/09\/WFD-dhe-IKD-1-360x270.jpg 360w, https:\/\/kli-ks.org\/wp-content\/uploads\/2019\/09\/WFD-dhe-IKD-1-300x225.jpg 300w, https:\/\/kli-ks.org\/wp-content\/uploads\/2019\/09\/WFD-dhe-IKD-1-768x576.jpg 768w, https:\/\/kli-ks.org\/wp-content\/uploads\/2019\/09\/WFD-dhe-IKD-1-1024x768.jpg 1024w, https:\/\/kli-ks.org\/wp-content\/uploads\/2019\/09\/WFD-dhe-IKD-1-580x435.jpg 580w, https:\/\/kli-ks.org\/wp-content\/uploads\/2019\/09\/WFD-dhe-IKD-1-860x645.jpg 860w, https:\/\/kli-ks.org\/wp-content\/uploads\/2019\/09\/WFD-dhe-IKD-1-1160x870.jpg 1160w, https:\/\/kli-ks.org\/wp-content\/uploads\/2019\/09\/WFD-dhe-IKD-1-767x575.jpg 767w, https:\/\/kli-ks.org\/wp-content\/uploads\/2019\/09\/WFD-dhe-IKD-1.jpg 2016w\" sizes=\"auto, (max-width: 360px) 100vw, 360px\" \/><\/div><\/a><div class=\"column_grid_item__content \"><div class=\"column_grid_item__content_wrapper\"><span class=\"post_date\">September 6,2019<\/span><a href=\"https:\/\/kli-ks.org\/en\/wfd-and-kli-political-parties-to-not-include-candidates-that-have-problems-with-the-law\/\"><h2 class=\"column_grid_item_item__title\">WFD and KLI: Political parties to not include candidates that have problems with the law<\/h2><h4 class=\"column_grid_item_item__excerpt\"><p>Pristina, 6 September 2019 \u2013\u00a0Westminster Foundation for Democracy (WFD) in partnership with Kosovo Law Institute (KLI), funded by the UK Government, on Friday, published their report on \u201cGovernment with Integrity: Comparative report of candidates with indictments in electoral lists of the years 2010, 2014 and 2017\u201d. The purpose of this report is to verify the&#8230;<\/p>\n<\/h4><\/a><\/div><\/div><\/div><div class=\"column_grid_item\"><a href=\"https:\/\/kli-ks.org\/en\/kli-prosecution-should-prosecute-criminal-actions-even-before-and-after-the-voting-day-including-suspicious-funding-of-political-parties-and-businesses-reward-through-public-tenders\/\"><div class=\"column_grid_item__thumb\"><img loading=\"lazy\" decoding=\"async\" width=\"360\" height=\"240\" src=\"https:\/\/kli-ks.org\/wp-content\/uploads\/2018\/10\/44471452_1911315955583054_7144085009157062656_n-360x240.jpg\" class=\"attachment-custom_archive_thumb size-custom_archive_thumb wp-post-image\" alt=\"\" srcset=\"https:\/\/kli-ks.org\/wp-content\/uploads\/2018\/10\/44471452_1911315955583054_7144085009157062656_n-360x240.jpg 360w, https:\/\/kli-ks.org\/wp-content\/uploads\/2018\/10\/44471452_1911315955583054_7144085009157062656_n-300x200.jpg 300w, https:\/\/kli-ks.org\/wp-content\/uploads\/2018\/10\/44471452_1911315955583054_7144085009157062656_n-768x512.jpg 768w, https:\/\/kli-ks.org\/wp-content\/uploads\/2018\/10\/44471452_1911315955583054_7144085009157062656_n-1024x683.jpg 1024w, https:\/\/kli-ks.org\/wp-content\/uploads\/2018\/10\/44471452_1911315955583054_7144085009157062656_n-580x387.jpg 580w, https:\/\/kli-ks.org\/wp-content\/uploads\/2018\/10\/44471452_1911315955583054_7144085009157062656_n-860x573.jpg 860w, https:\/\/kli-ks.org\/wp-content\/uploads\/2018\/10\/44471452_1911315955583054_7144085009157062656_n.jpg 1140w\" sizes=\"auto, (max-width: 360px) 100vw, 360px\" \/><\/div><\/a><div class=\"column_grid_item__content \"><div class=\"column_grid_item__content_wrapper\"><span class=\"post_date\">October 19,2018<\/span><a href=\"https:\/\/kli-ks.org\/en\/kli-prosecution-should-prosecute-criminal-actions-even-before-and-after-the-voting-day-including-suspicious-funding-of-political-parties-and-businesses-reward-through-public-tenders\/\"><h2 class=\"column_grid_item_item__title\">KLI: Prosecution should prosecute criminal actions even before and after the Voting Day, including suspicious funding of political parties and businesses reward through public tenders<\/h2><h4 class=\"column_grid_item_item__excerpt\"><p>Pristina, 19 October 2018 \u2013 Kosovo Law Institute (KLI), on Friday, in Pristina, held roundtable \u201cPreventing and fighting crime in election: Standard Operating Procedures the solution for the crimes before, during and after the Voting day\u201d, as activity of the project: Increase of citizen participation in election processes in Kosovo\u201d within Election Integrity Coalition (EIC).\u201d&#8230;<\/p>\n<\/h4><\/a><\/div><\/div><\/div><div class=\"column_grid_item\"><a href=\"https:\/\/kli-ks.org\/en\/kli-adequate-response-of-legal-institutions-during-parliamentary-elections\/\"><div class=\"column_grid_item__thumb\"><img loading=\"lazy\" decoding=\"async\" width=\"1200\" height=\"600\" src=\"https:\/\/kli-ks.org\/wp-content\/uploads\/2014\/06\/Drejtesia-ne-Zgjedhje.jpg\" class=\"attachment-custom_archive_thumb size-custom_archive_thumb wp-post-image\" alt=\"\" srcset=\"https:\/\/kli-ks.org\/wp-content\/uploads\/2014\/06\/Drejtesia-ne-Zgjedhje.jpg 1200w, https:\/\/kli-ks.org\/wp-content\/uploads\/2014\/06\/Drejtesia-ne-Zgjedhje-300x150.jpg 300w, https:\/\/kli-ks.org\/wp-content\/uploads\/2014\/06\/Drejtesia-ne-Zgjedhje-1024x512.jpg 1024w\" sizes=\"auto, (max-width: 1200px) 100vw, 1200px\" \/><\/div><\/a><div class=\"column_grid_item__content \"><div class=\"column_grid_item__content_wrapper\"><span class=\"post_date\">August 7,2014<\/span><a href=\"https:\/\/kli-ks.org\/en\/kli-adequate-response-of-legal-institutions-during-parliamentary-elections\/\"><h2 class=\"column_grid_item_item__title\">KLI: Adequate response of legal institutions during Parliamentary elections<\/h2><h4 class=\"column_grid_item_item__excerpt\"><p>Prishtina, June 13-Kosovo Law Institute (KLI) has monitored the response of legal institutions on the subject of criminal offenses against the voting rights in parliamentary elections of June 8, 2014. KLI hired 40 mobile observers, who, on the election day, focused on monitoring the reaction of police and prosecution. KLI will soon publish its final&#8230;<\/p>\n<\/h4><\/a><\/div><\/div><\/div><div class=\"custom_pagination\"><span aria-current=\"\" class=\"page-numbers current\">1<\/span>\n<a class=\"page-numbers\" href=\"?=2\">2<\/a>\n<a class=\"page-numbers\" href=\"?=3\">3<\/a>\n<a class=\"next page-numbers\" href=\"?=2\">>><\/a><\/div><\/div><\/div><\/div>\n<\/div>\n<\/div>\n<\/div>\n<\/div>\n<\/div>\n<\/div>\n<\/div>\n<div id=\"cmsmasters_row_np5b5498j2\" class=\"cmsmasters_row cmsmasters_color_scheme_default cmsmasters_row_top_default cmsmasters_row_bot_default cmsmasters_row_boxed\">\n<div class=\"cmsmasters_row_outer_parent\">\n<div class=\"cmsmasters_row_outer\">\n<div class=\"cmsmasters_row_inner\">\n<div class=\"cmsmasters_row_margin\">\n<div class=\"cmsmasters_column one_first\">\n<div id=\"cmsmasters_heading_vpyngmyag\" class=\"cmsmasters_heading_wrap cmsmasters_heading_align_left\">\n\t<h1 class=\"cmsmasters_heading\">Publications<\/h1>\n<\/div><div class=\"cmsmasters_text\">\n<div class=\"column_category\"><div class=\"form_filter_cat\">\r\n\t\t\t    \t<form class=\"filter_posts_form\" action=\"\" accept-charset=\"utf-8\">\r\n\t\t\t\t\t\t\r\n\t\t\t\t\t\t<select name=\"post_year\" class=\"post_year\"><option value=\"0\" selected>All Years<\/option><option value=\"2026\" >2026<\/option><option value=\"2025\" >2025<\/option><option value=\"2024\" >2024<\/option><option value=\"2023\" >2023<\/option><option value=\"2022\" >2022<\/option><option value=\"2021\" >2021<\/option><option value=\"2020\" >2020<\/option><option value=\"2019\" >2019<\/option><option value=\"2018\" >2018<\/option><option value=\"2017\" >2017<\/option><option value=\"2016\" >2016<\/option><option value=\"2015\" >2015<\/option><option value=\"2014\" >2014<\/option><option value=\"2013\" >2013<\/option><option value=\"2012\" >2012<\/option><option value=\"2011\" >2011<\/option><option value=\"2010\" >2010<\/option><option value=\"2009\" >2009<\/option><\/select>\r\n\t\t\t\t\t\t<button type=\"submit\">Filter<\/button>\r\n\t\t\t\t\t<\/form><\/div><div class=\"row\"><div id=\"custom_column_items_2\" class=\"column_grid\"><div class=\"custom_pagination\"><\/div><\/div><\/div><\/div>\n<\/div>\n<\/div>\n<\/div>\n<\/div>\n<\/div>\n<\/div>\n<\/div>\n\n","protected":false},"excerpt":{"rendered":"","protected":false},"author":2,"featured_media":0,"parent":0,"menu_order":0,"comment_status":"closed","ping_status":"closed","template":"","meta":{"footnotes":""},"class_list":["post-15916","page","type-page","status-publish","hentry"],"yoast_head":"<!-- This site is optimized with the Yoast SEO Premium plugin v26.1 (Yoast SEO v27.3) - https:\/\/yoast.com\/product\/yoast-seo-premium-wordpress\/ -->\n<title>Justice in elections - IKD<\/title>\n<meta name=\"robots\" content=\"index, follow, max-snippet:-1, max-image-preview:large, max-video-preview:-1\" \/>\n<link rel=\"canonical\" href=\"https:\/\/kli-ks.org\/en\/justice-in-elections\/\" \/>\n<meta property=\"og:locale\" content=\"en_US\" \/>\n<meta property=\"og:type\" content=\"article\" \/>\n<meta property=\"og:title\" content=\"Justice in elections\" \/>\n<meta property=\"og:url\" content=\"https:\/\/kli-ks.org\/en\/justice-in-elections\/\" \/>\n<meta property=\"og:site_name\" content=\"IKD\" \/>\n<meta property=\"article:modified_time\" content=\"2018-10-03T15:10:31+00:00\" \/>\n<meta name=\"twitter:card\" content=\"summary_large_image\" \/>\n<meta name=\"twitter:label1\" content=\"Est. reading time\" \/>\n\t<meta name=\"twitter:data1\" content=\"2 minutes\" \/>\n<script type=\"application\/ld+json\" class=\"yoast-schema-graph\">{\"@context\":\"https:\\\/\\\/schema.org\",\"@graph\":[{\"@type\":\"WebPage\",\"@id\":\"https:\\\/\\\/kli-ks.org\\\/en\\\/justice-in-elections\\\/\",\"url\":\"https:\\\/\\\/kli-ks.org\\\/en\\\/justice-in-elections\\\/\",\"name\":\"Justice in elections - IKD\",\"isPartOf\":{\"@id\":\"https:\\\/\\\/kli-ks.org\\\/#website\"},\"datePublished\":\"2018-06-14T09:21:31+00:00\",\"dateModified\":\"2018-10-03T15:10:31+00:00\",\"breadcrumb\":{\"@id\":\"https:\\\/\\\/kli-ks.org\\\/en\\\/justice-in-elections\\\/#breadcrumb\"},\"inLanguage\":\"en-US\",\"potentialAction\":[{\"@type\":\"ReadAction\",\"target\":[\"https:\\\/\\\/kli-ks.org\\\/en\\\/justice-in-elections\\\/\"]}]},{\"@type\":\"BreadcrumbList\",\"@id\":\"https:\\\/\\\/kli-ks.org\\\/en\\\/justice-in-elections\\\/#breadcrumb\",\"itemListElement\":[{\"@type\":\"ListItem\",\"position\":1,\"name\":\"Home\",\"item\":\"https:\\\/\\\/kli-ks.org\\\/en\\\/\"},{\"@type\":\"ListItem\",\"position\":2,\"name\":\"Justice in elections\"}]},{\"@type\":\"WebSite\",\"@id\":\"https:\\\/\\\/kli-ks.org\\\/#website\",\"url\":\"https:\\\/\\\/kli-ks.org\\\/\",\"name\":\"IKD\",\"description\":\"Instituti i Kosov\u00ebs p\u00ebr Drejt\u00ebsi\",\"publisher\":{\"@id\":\"https:\\\/\\\/kli-ks.org\\\/#organization\"},\"potentialAction\":[{\"@type\":\"SearchAction\",\"target\":{\"@type\":\"EntryPoint\",\"urlTemplate\":\"https:\\\/\\\/kli-ks.org\\\/?s={search_term_string}\"},\"query-input\":{\"@type\":\"PropertyValueSpecification\",\"valueRequired\":true,\"valueName\":\"search_term_string\"}}],\"inLanguage\":\"en-US\"},{\"@type\":\"Organization\",\"@id\":\"https:\\\/\\\/kli-ks.org\\\/#organization\",\"name\":\"Instituti i Kosov\u00ebs p\u00ebr Drejt\u00ebsi\",\"url\":\"https:\\\/\\\/kli-ks.org\\\/\",\"logo\":{\"@type\":\"ImageObject\",\"inLanguage\":\"en-US\",\"@id\":\"https:\\\/\\\/kli-ks.org\\\/#\\\/schema\\\/logo\\\/image\\\/\",\"url\":\"https:\\\/\\\/kli-ks.org\\\/wp-content\\\/uploads\\\/2014\\\/05\\\/LOGO-INSTITUTI-JPG.jpg\",\"contentUrl\":\"https:\\\/\\\/kli-ks.org\\\/wp-content\\\/uploads\\\/2014\\\/05\\\/LOGO-INSTITUTI-JPG.jpg\",\"width\":883,\"height\":242,\"caption\":\"Instituti i Kosov\u00ebs p\u00ebr Drejt\u00ebsi\"},\"image\":{\"@id\":\"https:\\\/\\\/kli-ks.org\\\/#\\\/schema\\\/logo\\\/image\\\/\"}}]}<\/script>\n<!-- \/ Yoast SEO Premium plugin. -->","yoast_head_json":{"title":"Justice in elections - IKD","robots":{"index":"index","follow":"follow","max-snippet":"max-snippet:-1","max-image-preview":"max-image-preview:large","max-video-preview":"max-video-preview:-1"},"canonical":"https:\/\/kli-ks.org\/en\/justice-in-elections\/","og_locale":"en_US","og_type":"article","og_title":"Justice in elections","og_url":"https:\/\/kli-ks.org\/en\/justice-in-elections\/","og_site_name":"IKD","article_modified_time":"2018-10-03T15:10:31+00:00","twitter_card":"summary_large_image","twitter_misc":{"Est. reading time":"2 minutes"},"schema":{"@context":"https:\/\/schema.org","@graph":[{"@type":"WebPage","@id":"https:\/\/kli-ks.org\/en\/justice-in-elections\/","url":"https:\/\/kli-ks.org\/en\/justice-in-elections\/","name":"Justice in elections - IKD","isPartOf":{"@id":"https:\/\/kli-ks.org\/#website"},"datePublished":"2018-06-14T09:21:31+00:00","dateModified":"2018-10-03T15:10:31+00:00","breadcrumb":{"@id":"https:\/\/kli-ks.org\/en\/justice-in-elections\/#breadcrumb"},"inLanguage":"en-US","potentialAction":[{"@type":"ReadAction","target":["https:\/\/kli-ks.org\/en\/justice-in-elections\/"]}]},{"@type":"BreadcrumbList","@id":"https:\/\/kli-ks.org\/en\/justice-in-elections\/#breadcrumb","itemListElement":[{"@type":"ListItem","position":1,"name":"Home","item":"https:\/\/kli-ks.org\/en\/"},{"@type":"ListItem","position":2,"name":"Justice in elections"}]},{"@type":"WebSite","@id":"https:\/\/kli-ks.org\/#website","url":"https:\/\/kli-ks.org\/","name":"IKD","description":"Instituti i Kosov\u00ebs p\u00ebr Drejt\u00ebsi","publisher":{"@id":"https:\/\/kli-ks.org\/#organization"},"potentialAction":[{"@type":"SearchAction","target":{"@type":"EntryPoint","urlTemplate":"https:\/\/kli-ks.org\/?s={search_term_string}"},"query-input":{"@type":"PropertyValueSpecification","valueRequired":true,"valueName":"search_term_string"}}],"inLanguage":"en-US"},{"@type":"Organization","@id":"https:\/\/kli-ks.org\/#organization","name":"Instituti i Kosov\u00ebs p\u00ebr Drejt\u00ebsi","url":"https:\/\/kli-ks.org\/","logo":{"@type":"ImageObject","inLanguage":"en-US","@id":"https:\/\/kli-ks.org\/#\/schema\/logo\/image\/","url":"https:\/\/kli-ks.org\/wp-content\/uploads\/2014\/05\/LOGO-INSTITUTI-JPG.jpg","contentUrl":"https:\/\/kli-ks.org\/wp-content\/uploads\/2014\/05\/LOGO-INSTITUTI-JPG.jpg","width":883,"height":242,"caption":"Instituti i Kosov\u00ebs p\u00ebr Drejt\u00ebsi"},"image":{"@id":"https:\/\/kli-ks.org\/#\/schema\/logo\/image\/"}}]}},"_links":{"self":[{"href":"https:\/\/kli-ks.org\/en\/wp-json\/wp\/v2\/pages\/15916","targetHints":{"allow":["GET"]}}],"collection":[{"href":"https:\/\/kli-ks.org\/en\/wp-json\/wp\/v2\/pages"}],"about":[{"href":"https:\/\/kli-ks.org\/en\/wp-json\/wp\/v2\/types\/page"}],"author":[{"embeddable":true,"href":"https:\/\/kli-ks.org\/en\/wp-json\/wp\/v2\/users\/2"}],"replies":[{"embeddable":true,"href":"https:\/\/kli-ks.org\/en\/wp-json\/wp\/v2\/comments?post=15916"}],"version-history":[{"count":5,"href":"https:\/\/kli-ks.org\/en\/wp-json\/wp\/v2\/pages\/15916\/revisions"}],"predecessor-version":[{"id":16219,"href":"https:\/\/kli-ks.org\/en\/wp-json\/wp\/v2\/pages\/15916\/revisions\/16219"}],"wp:attachment":[{"href":"https:\/\/kli-ks.org\/en\/wp-json\/wp\/v2\/media?parent=15916"}],"curies":[{"name":"wp","href":"https:\/\/api.w.org\/{rel}","templated":true}]}}