{"id":15913,"date":"2018-06-14T09:04:29","date_gmt":"2018-06-14T09:04:29","guid":{"rendered":"http:\/\/kli-ks.org\/berja-e-ligjit\/"},"modified":"2018-10-03T14:59:31","modified_gmt":"2018-10-03T14:59:31","slug":"making-of-law","status":"publish","type":"page","link":"https:\/\/kli-ks.org\/en\/making-of-law\/","title":{"rendered":"Making of law"},"content":{"rendered":"<div id=\"cmsmasters_row_8l129cx3ed\" class=\"cmsmasters_row cmsmasters_color_scheme_default cmsmasters_row_top_default cmsmasters_row_bot_default cmsmasters_row_boxed\">\n<div class=\"cmsmasters_row_outer_parent\">\n<div class=\"cmsmasters_row_outer\">\n<div class=\"cmsmasters_row_inner\">\n<div class=\"cmsmasters_row_margin\">\n<div class=\"cmsmasters_column one_first\">\n<p><\/p>\n<\/div>\n<\/div>\n<\/div>\n<\/div>\n<\/div>\n<\/div>\n<div id=\"cmsmasters_row_iatva1ffa4\" class=\"cmsmasters_row cmsmasters_color_scheme_default cmsmasters_row_top_default cmsmasters_row_bot_default cmsmasters_row_boxed\">\n<div class=\"cmsmasters_row_outer_parent\">\n<div class=\"cmsmasters_row_outer\">\n<div class=\"cmsmasters_row_inner\">\n<div class=\"cmsmasters_row_margin\">\n<div class=\"cmsmasters_column one_first\">\n<div id=\"cmsmasters_divider_trss1f4fk\" class=\"cl\"><\/div>\n<\/div>\n<\/div>\n<\/div>\n<\/div>\n<\/div>\n<\/div>\n<div id=\"cmsmasters_row_\" class=\"cmsmasters_row cmsmasters_color_scheme_default cmsmasters_row_top_default cmsmasters_row_bot_default cmsmasters_row_boxed\">\n<div class=\"cmsmasters_row_outer_parent\">\n<div class=\"cmsmasters_row_overlay\"><\/div>\n<div class=\"cmsmasters_row_outer\">\n<div class=\"cmsmasters_row_inner\">\n<div class=\"cmsmasters_row_margin\">\n<div class=\"cmsmasters_column one_first\">\n<div class=\"aligncenter\"><div class=\"cmsmasters_img  cmsmasters_image_c program_image\"><img decoding=\"async\" src=\"https:\/\/kli-ks.org\/wp-content\/uploads\/2018\/06\/Berja-e-Ligjit-300x300.png\" \/><\/div><\/div><div class=\"cmsmasters_text cmsmasters_row_8fq41k7lz6\">\n<h3>Making of law is a programmatic filed whose objective is that Kosovo to have a fair and functional legal framework, which is developed through a comprehensive and transparent process. KLI is involved in the making of law process by providing our expertise to state institutions and advocating for recommendations that arise from our research work.<\/h3>\n<\/div>\n<div id=\"cmsmasters_divider_xkmzeznucj\" class=\"cl\"><\/div>\n<\/div>\n<\/div>\n<\/div>\n<\/div>\n<\/div>\n<\/div>\n<div id=\"cmsmasters_row_h6t1fkw3nh\" class=\"cmsmasters_row cmsmasters_color_scheme_default cmsmasters_row_top_default cmsmasters_row_bot_default cmsmasters_row_boxed\">\n<div class=\"cmsmasters_row_outer_parent\">\n<div class=\"cmsmasters_row_outer\">\n<div class=\"cmsmasters_row_inner\">\n<div class=\"cmsmasters_row_margin\">\n<div class=\"cmsmasters_column one_first\">\n<div id=\"cmsmasters_heading_cjlbvz5l5w\" class=\"cmsmasters_heading_wrap cmsmasters_heading_align_left\">\n\t<h1 class=\"cmsmasters_heading\">Activities<\/h1>\n<\/div>\n<\/div>\n<\/div>\n<\/div>\n<\/div>\n<\/div>\n<\/div>\n<div id=\"cmsmasters_row_rr5mv4r00q\" class=\"cmsmasters_row cmsmasters_color_scheme_default cmsmasters_row_top_default cmsmasters_row_bot_default cmsmasters_row_boxed\">\n<div class=\"cmsmasters_row_outer_parent\">\n<div class=\"cmsmasters_row_outer\">\n<div class=\"cmsmasters_row_inner\">\n<div class=\"cmsmasters_row_margin\">\n<div class=\"cmsmasters_column one_first\">\n<div class=\"cmsmasters_text\">\n<div class=\"column_category\"><div class=\"form_filter_cat\">\r\n\t\t\t    \t<form class=\"filter_posts_form\" action=\"\" accept-charset=\"utf-8\">\r\n\t\t\t\t\t\t\r\n\t\t\t\t\t\t<select name=\"post_year\" class=\"post_year\"><option value=\"0\" selected>All Years<\/option><option value=\"2026\" >2026<\/option><option value=\"2025\" >2025<\/option><option value=\"2024\" >2024<\/option><option value=\"2023\" >2023<\/option><option value=\"2022\" >2022<\/option><option value=\"2021\" >2021<\/option><option value=\"2020\" >2020<\/option><option value=\"2019\" >2019<\/option><option value=\"2018\" >2018<\/option><option value=\"2017\" >2017<\/option><option value=\"2016\" >2016<\/option><option value=\"2015\" >2015<\/option><option value=\"2014\" >2014<\/option><option value=\"2013\" >2013<\/option><option value=\"2012\" >2012<\/option><option value=\"2011\" >2011<\/option><option value=\"2010\" >2010<\/option><option value=\"2009\" >2009<\/option><\/select>\r\n\t\t\t\t\t\t<button type=\"submit\">Filter<\/button>\r\n\t\t\t\t\t<\/form><\/div><div class=\"row\"><div id=\"custom_column_items_1\" class=\"column_grid\"><div class=\"custom_pagination\"><\/div><\/div><\/div><\/div>\n<\/div>\n<\/div>\n<\/div>\n<\/div>\n<\/div>\n<\/div>\n<\/div>\n<div id=\"cmsmasters_row_gm9zogmkqn\" class=\"cmsmasters_row cmsmasters_color_scheme_default cmsmasters_row_top_default cmsmasters_row_bot_default cmsmasters_row_boxed\">\n<div class=\"cmsmasters_row_outer_parent\">\n<div class=\"cmsmasters_row_outer\">\n<div class=\"cmsmasters_row_inner\">\n<div class=\"cmsmasters_row_margin\">\n<div class=\"cmsmasters_column one_first\">\n<div id=\"cmsmasters_heading_xtrhfwymr5\" class=\"cmsmasters_heading_wrap cmsmasters_heading_align_left\">\n\t<h1 class=\"cmsmasters_heading\">Publications<\/h1>\n<\/div>\n<\/div>\n<\/div>\n<\/div>\n<\/div>\n<\/div>\n<\/div>\n<div id=\"cmsmasters_row_ez118khkqs\" class=\"cmsmasters_row cmsmasters_color_scheme_default cmsmasters_row_top_default cmsmasters_row_bot_default cmsmasters_row_boxed\">\n<div class=\"cmsmasters_row_outer_parent\">\n<div class=\"cmsmasters_row_outer\">\n<div class=\"cmsmasters_row_inner\">\n<div class=\"cmsmasters_row_margin\">\n<div class=\"cmsmasters_column one_first\">\n<div class=\"cmsmasters_text\">\n<div class=\"column_category\"><div class=\"form_filter_cat\">\r\n\t\t\t    \t<form class=\"filter_posts_form\" action=\"\" accept-charset=\"utf-8\">\r\n\t\t\t\t\t\t\r\n\t\t\t\t\t\t<select name=\"post_year\" class=\"post_year\"><option value=\"0\" selected>All Years<\/option><option value=\"2026\" >2026<\/option><option value=\"2025\" >2025<\/option><option value=\"2024\" >2024<\/option><option value=\"2023\" >2023<\/option><option value=\"2022\" >2022<\/option><option value=\"2021\" >2021<\/option><option value=\"2020\" >2020<\/option><option value=\"2019\" >2019<\/option><option value=\"2018\" >2018<\/option><option value=\"2017\" >2017<\/option><option value=\"2016\" >2016<\/option><option value=\"2015\" >2015<\/option><option value=\"2014\" >2014<\/option><option value=\"2013\" >2013<\/option><option value=\"2012\" >2012<\/option><option value=\"2011\" >2011<\/option><option value=\"2010\" >2010<\/option><option value=\"2009\" >2009<\/option><\/select>\r\n\t\t\t\t\t\t<button type=\"submit\">Filter<\/button>\r\n\t\t\t\t\t<\/form><\/div><div class=\"row\"><div id=\"custom_column_items_2\" class=\"column_grid\"><div class=\"custom_pagination\"><\/div><\/div><\/div><\/div>\n<\/div>\n<\/div>\n<\/div>\n<\/div>\n<\/div>\n<\/div>\n<\/div>\n\n","protected":false},"excerpt":{"rendered":"","protected":false},"author":2,"featured_media":0,"parent":0,"menu_order":0,"comment_status":"closed","ping_status":"closed","template":"","meta":{"footnotes":""},"class_list":["post-15913","page","type-page","status-publish","hentry"],"yoast_head":"<!-- This site is optimized with the Yoast SEO Premium plugin v26.1 (Yoast SEO v27.3) - https:\/\/yoast.com\/product\/yoast-seo-premium-wordpress\/ -->\n<title>Making of law - IKD<\/title>\n<meta name=\"robots\" content=\"index, follow, max-snippet:-1, max-image-preview:large, max-video-preview:-1\" \/>\n<link rel=\"canonical\" href=\"https:\/\/kli-ks.org\/en\/making-of-law\/\" \/>\n<meta property=\"og:locale\" content=\"en_US\" \/>\n<meta property=\"og:type\" content=\"article\" \/>\n<meta property=\"og:title\" content=\"Making of law\" \/>\n<meta property=\"og:url\" content=\"https:\/\/kli-ks.org\/en\/making-of-law\/\" \/>\n<meta property=\"og:site_name\" content=\"IKD\" \/>\n<meta property=\"article:modified_time\" content=\"2018-10-03T14:59:31+00:00\" \/>\n<meta name=\"twitter:card\" content=\"summary_large_image\" \/>\n<meta name=\"twitter:label1\" content=\"Est. reading time\" \/>\n\t<meta name=\"twitter:data1\" content=\"3 minutes\" \/>\n<script type=\"application\/ld+json\" class=\"yoast-schema-graph\">{\"@context\":\"https:\\\/\\\/schema.org\",\"@graph\":[{\"@type\":\"WebPage\",\"@id\":\"https:\\\/\\\/kli-ks.org\\\/en\\\/making-of-law\\\/\",\"url\":\"https:\\\/\\\/kli-ks.org\\\/en\\\/making-of-law\\\/\",\"name\":\"Making of law - IKD\",\"isPartOf\":{\"@id\":\"https:\\\/\\\/kli-ks.org\\\/#website\"},\"datePublished\":\"2018-06-14T09:04:29+00:00\",\"dateModified\":\"2018-10-03T14:59:31+00:00\",\"breadcrumb\":{\"@id\":\"https:\\\/\\\/kli-ks.org\\\/en\\\/making-of-law\\\/#breadcrumb\"},\"inLanguage\":\"en-US\",\"potentialAction\":[{\"@type\":\"ReadAction\",\"target\":[\"https:\\\/\\\/kli-ks.org\\\/en\\\/making-of-law\\\/\"]}]},{\"@type\":\"BreadcrumbList\",\"@id\":\"https:\\\/\\\/kli-ks.org\\\/en\\\/making-of-law\\\/#breadcrumb\",\"itemListElement\":[{\"@type\":\"ListItem\",\"position\":1,\"name\":\"Home\",\"item\":\"https:\\\/\\\/kli-ks.org\\\/en\\\/\"},{\"@type\":\"ListItem\",\"position\":2,\"name\":\"Making of law\"}]},{\"@type\":\"WebSite\",\"@id\":\"https:\\\/\\\/kli-ks.org\\\/#website\",\"url\":\"https:\\\/\\\/kli-ks.org\\\/\",\"name\":\"IKD\",\"description\":\"Instituti i Kosov\u00ebs p\u00ebr Drejt\u00ebsi\",\"publisher\":{\"@id\":\"https:\\\/\\\/kli-ks.org\\\/#organization\"},\"potentialAction\":[{\"@type\":\"SearchAction\",\"target\":{\"@type\":\"EntryPoint\",\"urlTemplate\":\"https:\\\/\\\/kli-ks.org\\\/?s={search_term_string}\"},\"query-input\":{\"@type\":\"PropertyValueSpecification\",\"valueRequired\":true,\"valueName\":\"search_term_string\"}}],\"inLanguage\":\"en-US\"},{\"@type\":\"Organization\",\"@id\":\"https:\\\/\\\/kli-ks.org\\\/#organization\",\"name\":\"Instituti i Kosov\u00ebs p\u00ebr Drejt\u00ebsi\",\"url\":\"https:\\\/\\\/kli-ks.org\\\/\",\"logo\":{\"@type\":\"ImageObject\",\"inLanguage\":\"en-US\",\"@id\":\"https:\\\/\\\/kli-ks.org\\\/#\\\/schema\\\/logo\\\/image\\\/\",\"url\":\"https:\\\/\\\/kli-ks.org\\\/wp-content\\\/uploads\\\/2014\\\/05\\\/LOGO-INSTITUTI-JPG.jpg\",\"contentUrl\":\"https:\\\/\\\/kli-ks.org\\\/wp-content\\\/uploads\\\/2014\\\/05\\\/LOGO-INSTITUTI-JPG.jpg\",\"width\":883,\"height\":242,\"caption\":\"Instituti i Kosov\u00ebs p\u00ebr Drejt\u00ebsi\"},\"image\":{\"@id\":\"https:\\\/\\\/kli-ks.org\\\/#\\\/schema\\\/logo\\\/image\\\/\"}}]}<\/script>\n<!-- \/ Yoast SEO Premium plugin. -->","yoast_head_json":{"title":"Making of law - IKD","robots":{"index":"index","follow":"follow","max-snippet":"max-snippet:-1","max-image-preview":"max-image-preview:large","max-video-preview":"max-video-preview:-1"},"canonical":"https:\/\/kli-ks.org\/en\/making-of-law\/","og_locale":"en_US","og_type":"article","og_title":"Making of law","og_url":"https:\/\/kli-ks.org\/en\/making-of-law\/","og_site_name":"IKD","article_modified_time":"2018-10-03T14:59:31+00:00","twitter_card":"summary_large_image","twitter_misc":{"Est. reading time":"3 minutes"},"schema":{"@context":"https:\/\/schema.org","@graph":[{"@type":"WebPage","@id":"https:\/\/kli-ks.org\/en\/making-of-law\/","url":"https:\/\/kli-ks.org\/en\/making-of-law\/","name":"Making of law - IKD","isPartOf":{"@id":"https:\/\/kli-ks.org\/#website"},"datePublished":"2018-06-14T09:04:29+00:00","dateModified":"2018-10-03T14:59:31+00:00","breadcrumb":{"@id":"https:\/\/kli-ks.org\/en\/making-of-law\/#breadcrumb"},"inLanguage":"en-US","potentialAction":[{"@type":"ReadAction","target":["https:\/\/kli-ks.org\/en\/making-of-law\/"]}]},{"@type":"BreadcrumbList","@id":"https:\/\/kli-ks.org\/en\/making-of-law\/#breadcrumb","itemListElement":[{"@type":"ListItem","position":1,"name":"Home","item":"https:\/\/kli-ks.org\/en\/"},{"@type":"ListItem","position":2,"name":"Making of law"}]},{"@type":"WebSite","@id":"https:\/\/kli-ks.org\/#website","url":"https:\/\/kli-ks.org\/","name":"IKD","description":"Instituti i Kosov\u00ebs p\u00ebr Drejt\u00ebsi","publisher":{"@id":"https:\/\/kli-ks.org\/#organization"},"potentialAction":[{"@type":"SearchAction","target":{"@type":"EntryPoint","urlTemplate":"https:\/\/kli-ks.org\/?s={search_term_string}"},"query-input":{"@type":"PropertyValueSpecification","valueRequired":true,"valueName":"search_term_string"}}],"inLanguage":"en-US"},{"@type":"Organization","@id":"https:\/\/kli-ks.org\/#organization","name":"Instituti i Kosov\u00ebs p\u00ebr Drejt\u00ebsi","url":"https:\/\/kli-ks.org\/","logo":{"@type":"ImageObject","inLanguage":"en-US","@id":"https:\/\/kli-ks.org\/#\/schema\/logo\/image\/","url":"https:\/\/kli-ks.org\/wp-content\/uploads\/2014\/05\/LOGO-INSTITUTI-JPG.jpg","contentUrl":"https:\/\/kli-ks.org\/wp-content\/uploads\/2014\/05\/LOGO-INSTITUTI-JPG.jpg","width":883,"height":242,"caption":"Instituti i Kosov\u00ebs p\u00ebr Drejt\u00ebsi"},"image":{"@id":"https:\/\/kli-ks.org\/#\/schema\/logo\/image\/"}}]}},"_links":{"self":[{"href":"https:\/\/kli-ks.org\/en\/wp-json\/wp\/v2\/pages\/15913","targetHints":{"allow":["GET"]}}],"collection":[{"href":"https:\/\/kli-ks.org\/en\/wp-json\/wp\/v2\/pages"}],"about":[{"href":"https:\/\/kli-ks.org\/en\/wp-json\/wp\/v2\/types\/page"}],"author":[{"embeddable":true,"href":"https:\/\/kli-ks.org\/en\/wp-json\/wp\/v2\/users\/2"}],"replies":[{"embeddable":true,"href":"https:\/\/kli-ks.org\/en\/wp-json\/wp\/v2\/comments?post=15913"}],"version-history":[{"count":5,"href":"https:\/\/kli-ks.org\/en\/wp-json\/wp\/v2\/pages\/15913\/revisions"}],"predecessor-version":[{"id":16213,"href":"https:\/\/kli-ks.org\/en\/wp-json\/wp\/v2\/pages\/15913\/revisions\/16213"}],"wp:attachment":[{"href":"https:\/\/kli-ks.org\/en\/wp-json\/wp\/v2\/media?parent=15913"}],"curies":[{"name":"wp","href":"https:\/\/api.w.org\/{rel}","templated":true}]}}