{"id":14165,"date":"2018-06-14T07:57:06","date_gmt":"2018-06-14T07:57:06","guid":{"rendered":"http:\/\/kli-ks.org\/new\/programet\/"},"modified":"2018-10-03T15:20:06","modified_gmt":"2018-10-03T15:20:06","slug":"programes","status":"publish","type":"page","link":"https:\/\/kli-ks.org\/en\/programes\/","title":{"rendered":"Programes"},"content":{"rendered":"<div id=\"cmsmasters_row_5jd4jccxo9\" class=\"cmsmasters_row cmsmasters_color_scheme_default program_page_MB program_boxes cmsmasters_row_top_default cmsmasters_row_bot_default cmsmasters_row_boxed\">\n<div class=\"cmsmasters_row_outer_parent\">\n<div class=\"cmsmasters_row_outer\">\n<div class=\"cmsmasters_row_inner cmsmasters_row_no_margin\">\n<div class=\"cmsmasters_row_margin\">\n<div class=\"cmsmasters_column one_third berja_ligjit_section\">\n<div class=\"cmsmasters_img  cmsmasters_image_l\"><a href=\"http:\/\/kli-ks.org\/en\/making-of-law\/\"><img decoding=\"async\" src=\"https:\/\/kli-ks.org\/wp-content\/uploads\/2018\/06\/Berja-e-Ligjit-300x300.png\" \/><\/a><\/div><div id=\"cmsmasters_fb_helv8hn59o\" class=\"cmsmasters_featured_block\">\n<div class=\"featured_block_inner\">\n<div class=\"featured_block_text\">\n<div id=\"cmsmasters_heading_helv8hn59o\" class=\"cmsmasters_heading_wrap cmsmasters_heading_align_left\">\n\t<h2 class=\"cmsmasters_heading\"><a href=\"http:\/\/kli-ks.org\/en\/making-of-law\/\">Making of law<\/a><\/h2>\n<\/div>\n<\/div>\n<\/div>\n<\/div>\n<\/div>\n<div class=\"cmsmasters_column one_third sundimi_ligjit_section\">\n<div class=\"cmsmasters_img  cmsmasters_image_l\"><a href=\"http:\/\/kli-ks.org\/en\/rule-of-law\/\"><img decoding=\"async\" src=\"https:\/\/kli-ks.org\/wp-content\/uploads\/2018\/06\/Sundimi-i-Ligjit-300x300.png\" \/><\/a><\/div><div id=\"cmsmasters_fb_4jekmigc6\" class=\"cmsmasters_featured_block\">\n<div class=\"featured_block_inner\">\n<div class=\"featured_block_text\">\n<div id=\"cmsmasters_heading_4jekmigc6\" class=\"cmsmasters_heading_wrap cmsmasters_heading_align_left\">\n\t<h2 class=\"cmsmasters_heading\"><a href=\"http:\/\/kli-ks.org\/en\/rule-of-law\/\">Rule of law<\/a><\/h2>\n<\/div>\n<\/div>\n<\/div>\n<\/div>\n<\/div>\n<div class=\"cmsmasters_column one_third antikorrupsioni_section\">\n<div class=\"cmsmasters_img  cmsmasters_image_l\"><a href=\"http:\/\/kli-ks.org\/en\/anticorruption\/\"><img decoding=\"async\" src=\"https:\/\/kli-ks.org\/wp-content\/uploads\/2018\/06\/AntiKorrupsioni-300x300.png\" \/><\/a><\/div><div id=\"cmsmasters_fb_0pptsbe803\" class=\"cmsmasters_featured_block\">\n<div class=\"featured_block_inner\">\n<div class=\"featured_block_text\">\n<div id=\"cmsmasters_heading_0pptsbe803\" class=\"cmsmasters_heading_wrap cmsmasters_heading_align_left\">\n\t<h2 class=\"cmsmasters_heading\"><a href=\"http:\/\/kli-ks.org\/en\/anticorruption\/\">Anticorruption<\/a><\/h2>\n<\/div>\n<\/div>\n<\/div>\n<\/div>\n<\/div>\n<\/div>\n<\/div>\n<\/div>\n<\/div>\n<\/div>\n<div id=\"cmsmasters_row_6bkvmykxwg\" class=\"cmsmasters_row cmsmasters_color_scheme_default program_page_MB program_boxes cmsmasters_row_top_default cmsmasters_row_bot_default cmsmasters_row_boxed\">\n<div class=\"cmsmasters_row_outer_parent\">\n<div class=\"cmsmasters_row_outer\">\n<div class=\"cmsmasters_row_inner cmsmasters_row_no_margin\">\n<div class=\"cmsmasters_row_margin\">\n<div class=\"cmsmasters_column one_third drejtesia_zgjidhje_section\">\n<div class=\"cmsmasters_img  cmsmasters_image_l\"><a href=\"http:\/\/kli-ks.org\/en\/justice-in-elections\/\"><img decoding=\"async\" src=\"https:\/\/kli-ks.org\/wp-content\/uploads\/2018\/06\/Drejtesia-ne-Zgjedhje-300x300.png\" \/><\/a><\/div><div id=\"cmsmasters_fb_1uv2r7juy\" class=\"cmsmasters_featured_block\">\n<div class=\"featured_block_inner\">\n<div class=\"featured_block_text\">\n<div id=\"cmsmasters_heading_1uv2r7juy\" class=\"cmsmasters_heading_wrap cmsmasters_heading_align_left\">\n\t<h2 class=\"cmsmasters_heading\"><a href=\"http:\/\/kli-ks.org\/en\/justice-in-elections\/\">Justice in elections<\/a><\/h2>\n<\/div>\n<\/div>\n<\/div>\n<\/div>\n<\/div>\n<div class=\"cmsmasters_column one_third edukimi_section\">\n<div class=\"cmsmasters_img  cmsmasters_image_l\"><a href=\"http:\/\/kli-ks.org\/en\/education\/\"><img decoding=\"async\" src=\"https:\/\/kli-ks.org\/wp-content\/uploads\/2018\/06\/Edukimi-300x300.png\" \/><\/a><\/div><div id=\"cmsmasters_fb_2shkq7qors\" class=\"cmsmasters_featured_block\">\n<div class=\"featured_block_inner\">\n<div class=\"featured_block_text\">\n<div id=\"cmsmasters_heading_2shkq7qors\" class=\"cmsmasters_heading_wrap cmsmasters_heading_align_left\">\n\t<h2 class=\"cmsmasters_heading\"><a href=\"http:\/\/kli-ks.org\/en\/education\/\">Education<\/a><\/h2>\n<\/div>\n<\/div>\n<\/div>\n<\/div>\n<\/div>\n<div class=\"cmsmasters_column one_third media_section\">\n<div class=\"cmsmasters_img  cmsmasters_image_l\"><a href=\"http:\/\/kli-ks.org\/en\/media\/\"><img decoding=\"async\" src=\"https:\/\/kli-ks.org\/wp-content\/uploads\/2018\/06\/Media-300x300.png\" \/><\/a><\/div><div id=\"cmsmasters_fb_s56hf9lkp\" class=\"cmsmasters_featured_block\">\n<div class=\"featured_block_inner\">\n<div class=\"featured_block_text\">\n<div id=\"cmsmasters_heading_s56hf9lkp\" class=\"cmsmasters_heading_wrap cmsmasters_heading_align_left\">\n\t<h2 class=\"cmsmasters_heading\"><a href=\"http:\/\/kli-ks.org\/en\/media\/\">Media<\/a><\/h2>\n<\/div>\n<\/div>\n<\/div>\n<\/div>\n<\/div>\n<\/div>\n<\/div>\n<\/div>\n<\/div>\n<\/div>\n\n","protected":false},"excerpt":{"rendered":"","protected":false},"author":2,"featured_media":0,"parent":0,"menu_order":0,"comment_status":"closed","ping_status":"closed","template":"","meta":{"footnotes":""},"class_list":["post-14165","page","type-page","status-publish","hentry"],"yoast_head":"<!-- This site is optimized with the Yoast SEO Premium plugin v26.1 (Yoast SEO v27.3) - https:\/\/yoast.com\/product\/yoast-seo-premium-wordpress\/ -->\n<title>Programes - IKD<\/title>\n<meta name=\"robots\" content=\"index, follow, max-snippet:-1, max-image-preview:large, max-video-preview:-1\" \/>\n<link rel=\"canonical\" href=\"https:\/\/kli-ks.org\/en\/programes\/\" \/>\n<meta property=\"og:locale\" content=\"en_US\" \/>\n<meta property=\"og:type\" content=\"article\" \/>\n<meta property=\"og:title\" content=\"Programes\" \/>\n<meta property=\"og:url\" content=\"https:\/\/kli-ks.org\/en\/programes\/\" \/>\n<meta property=\"og:site_name\" content=\"IKD\" \/>\n<meta property=\"article:modified_time\" content=\"2018-10-03T15:20:06+00:00\" \/>\n<meta name=\"twitter:card\" content=\"summary_large_image\" \/>\n<meta name=\"twitter:label1\" content=\"Est. reading time\" \/>\n\t<meta name=\"twitter:data1\" content=\"3 minutes\" \/>\n<script type=\"application\/ld+json\" class=\"yoast-schema-graph\">{\"@context\":\"https:\\\/\\\/schema.org\",\"@graph\":[{\"@type\":\"WebPage\",\"@id\":\"https:\\\/\\\/kli-ks.org\\\/en\\\/programes\\\/\",\"url\":\"https:\\\/\\\/kli-ks.org\\\/en\\\/programes\\\/\",\"name\":\"Programes - IKD\",\"isPartOf\":{\"@id\":\"https:\\\/\\\/kli-ks.org\\\/#website\"},\"datePublished\":\"2018-06-14T07:57:06+00:00\",\"dateModified\":\"2018-10-03T15:20:06+00:00\",\"breadcrumb\":{\"@id\":\"https:\\\/\\\/kli-ks.org\\\/en\\\/programes\\\/#breadcrumb\"},\"inLanguage\":\"en-US\",\"potentialAction\":[{\"@type\":\"ReadAction\",\"target\":[\"https:\\\/\\\/kli-ks.org\\\/en\\\/programes\\\/\"]}]},{\"@type\":\"BreadcrumbList\",\"@id\":\"https:\\\/\\\/kli-ks.org\\\/en\\\/programes\\\/#breadcrumb\",\"itemListElement\":[{\"@type\":\"ListItem\",\"position\":1,\"name\":\"Home\",\"item\":\"https:\\\/\\\/kli-ks.org\\\/en\\\/\"},{\"@type\":\"ListItem\",\"position\":2,\"name\":\"Programes\"}]},{\"@type\":\"WebSite\",\"@id\":\"https:\\\/\\\/kli-ks.org\\\/#website\",\"url\":\"https:\\\/\\\/kli-ks.org\\\/\",\"name\":\"IKD\",\"description\":\"Instituti i Kosov\u00ebs p\u00ebr Drejt\u00ebsi\",\"publisher\":{\"@id\":\"https:\\\/\\\/kli-ks.org\\\/#organization\"},\"potentialAction\":[{\"@type\":\"SearchAction\",\"target\":{\"@type\":\"EntryPoint\",\"urlTemplate\":\"https:\\\/\\\/kli-ks.org\\\/?s={search_term_string}\"},\"query-input\":{\"@type\":\"PropertyValueSpecification\",\"valueRequired\":true,\"valueName\":\"search_term_string\"}}],\"inLanguage\":\"en-US\"},{\"@type\":\"Organization\",\"@id\":\"https:\\\/\\\/kli-ks.org\\\/#organization\",\"name\":\"Instituti i Kosov\u00ebs p\u00ebr Drejt\u00ebsi\",\"url\":\"https:\\\/\\\/kli-ks.org\\\/\",\"logo\":{\"@type\":\"ImageObject\",\"inLanguage\":\"en-US\",\"@id\":\"https:\\\/\\\/kli-ks.org\\\/#\\\/schema\\\/logo\\\/image\\\/\",\"url\":\"https:\\\/\\\/kli-ks.org\\\/wp-content\\\/uploads\\\/2014\\\/05\\\/LOGO-INSTITUTI-JPG.jpg\",\"contentUrl\":\"https:\\\/\\\/kli-ks.org\\\/wp-content\\\/uploads\\\/2014\\\/05\\\/LOGO-INSTITUTI-JPG.jpg\",\"width\":883,\"height\":242,\"caption\":\"Instituti i Kosov\u00ebs p\u00ebr Drejt\u00ebsi\"},\"image\":{\"@id\":\"https:\\\/\\\/kli-ks.org\\\/#\\\/schema\\\/logo\\\/image\\\/\"}}]}<\/script>\n<!-- \/ Yoast SEO Premium plugin. -->","yoast_head_json":{"title":"Programes - IKD","robots":{"index":"index","follow":"follow","max-snippet":"max-snippet:-1","max-image-preview":"max-image-preview:large","max-video-preview":"max-video-preview:-1"},"canonical":"https:\/\/kli-ks.org\/en\/programes\/","og_locale":"en_US","og_type":"article","og_title":"Programes","og_url":"https:\/\/kli-ks.org\/en\/programes\/","og_site_name":"IKD","article_modified_time":"2018-10-03T15:20:06+00:00","twitter_card":"summary_large_image","twitter_misc":{"Est. reading time":"3 minutes"},"schema":{"@context":"https:\/\/schema.org","@graph":[{"@type":"WebPage","@id":"https:\/\/kli-ks.org\/en\/programes\/","url":"https:\/\/kli-ks.org\/en\/programes\/","name":"Programes - IKD","isPartOf":{"@id":"https:\/\/kli-ks.org\/#website"},"datePublished":"2018-06-14T07:57:06+00:00","dateModified":"2018-10-03T15:20:06+00:00","breadcrumb":{"@id":"https:\/\/kli-ks.org\/en\/programes\/#breadcrumb"},"inLanguage":"en-US","potentialAction":[{"@type":"ReadAction","target":["https:\/\/kli-ks.org\/en\/programes\/"]}]},{"@type":"BreadcrumbList","@id":"https:\/\/kli-ks.org\/en\/programes\/#breadcrumb","itemListElement":[{"@type":"ListItem","position":1,"name":"Home","item":"https:\/\/kli-ks.org\/en\/"},{"@type":"ListItem","position":2,"name":"Programes"}]},{"@type":"WebSite","@id":"https:\/\/kli-ks.org\/#website","url":"https:\/\/kli-ks.org\/","name":"IKD","description":"Instituti i Kosov\u00ebs p\u00ebr Drejt\u00ebsi","publisher":{"@id":"https:\/\/kli-ks.org\/#organization"},"potentialAction":[{"@type":"SearchAction","target":{"@type":"EntryPoint","urlTemplate":"https:\/\/kli-ks.org\/?s={search_term_string}"},"query-input":{"@type":"PropertyValueSpecification","valueRequired":true,"valueName":"search_term_string"}}],"inLanguage":"en-US"},{"@type":"Organization","@id":"https:\/\/kli-ks.org\/#organization","name":"Instituti i Kosov\u00ebs p\u00ebr Drejt\u00ebsi","url":"https:\/\/kli-ks.org\/","logo":{"@type":"ImageObject","inLanguage":"en-US","@id":"https:\/\/kli-ks.org\/#\/schema\/logo\/image\/","url":"https:\/\/kli-ks.org\/wp-content\/uploads\/2014\/05\/LOGO-INSTITUTI-JPG.jpg","contentUrl":"https:\/\/kli-ks.org\/wp-content\/uploads\/2014\/05\/LOGO-INSTITUTI-JPG.jpg","width":883,"height":242,"caption":"Instituti i Kosov\u00ebs p\u00ebr Drejt\u00ebsi"},"image":{"@id":"https:\/\/kli-ks.org\/#\/schema\/logo\/image\/"}}]}},"_links":{"self":[{"href":"https:\/\/kli-ks.org\/en\/wp-json\/wp\/v2\/pages\/14165","targetHints":{"allow":["GET"]}}],"collection":[{"href":"https:\/\/kli-ks.org\/en\/wp-json\/wp\/v2\/pages"}],"about":[{"href":"https:\/\/kli-ks.org\/en\/wp-json\/wp\/v2\/types\/page"}],"author":[{"embeddable":true,"href":"https:\/\/kli-ks.org\/en\/wp-json\/wp\/v2\/users\/2"}],"replies":[{"embeddable":true,"href":"https:\/\/kli-ks.org\/en\/wp-json\/wp\/v2\/comments?post=14165"}],"version-history":[{"count":5,"href":"https:\/\/kli-ks.org\/en\/wp-json\/wp\/v2\/pages\/14165\/revisions"}],"predecessor-version":[{"id":16225,"href":"https:\/\/kli-ks.org\/en\/wp-json\/wp\/v2\/pages\/14165\/revisions\/16225"}],"wp:attachment":[{"href":"https:\/\/kli-ks.org\/en\/wp-json\/wp\/v2\/media?parent=14165"}],"curies":[{"name":"wp","href":"https:\/\/api.w.org\/{rel}","templated":true}]}}